{"id":937,"date":"2022-05-30T16:59:28","date_gmt":"2022-05-30T14:59:28","guid":{"rendered":"https:\/\/www.ibizajeeptours.com\/?page_id=937"},"modified":"2024-05-23T10:05:10","modified_gmt":"2024-05-23T08:05:10","slug":"politica-de-cancelacion","status":"publish","type":"page","link":"https:\/\/www.ibizajeeptours.com\/es\/politica-de-cancelacion\/","title":{"rendered":"Pol\u00edtica de cancelaci\u00f3n"},"content":{"rendered":"<p>[vc_row][vc_column][vc_column_text css=&#8221;.vc_custom_1716451472052{padding-bottom: 50px !important;}&#8221;]<\/p>\n<h1 class=\"altura\">Pol\u00edtica de cancelaci\u00f3n<\/h1>\n<p>*En el momento de la reserva online se cargar\u00e1 el importe total de la excursi\u00f3n.<\/p>\n<p>*En caso de cancelaci\u00f3n con menos de 15 d\u00edas de antelaci\u00f3n a la fecha de la excursi\u00f3n, la devoluci\u00f3n ser\u00e1 del 100% del importe pagado.<\/p>\n<p>*En caso de cancelaci\u00f3n entre 14 y 7 d\u00edas antes de la fecha de la excursi\u00f3n, la devoluci\u00f3n ser\u00e1 del 50% del importe pagado.<\/p>\n<p>*En caso de cancelaci\u00f3n dentro de los 6 d\u00edas anteriores a la fecha del tour, no se realizar\u00e1 ning\u00fan reembolso.<\/p>\n<p>*Los pagos realizados con tarjetas American Express tienen un cargo del 5%.<\/p>\n<p>*Los reembolsos realizados por cancelaci\u00f3n llevar\u00e1n la tarifa de transferencia bancaria cobrada por el banco.[\/vc_column_text][\/vc_column][\/vc_row][vc_row][vc_column]<!-- Modal Body -->\n<div id=\"condi\" class=\"lqd-modal lqd-lity-hide\" data-modal-type=\"default\">\n\n\t<div class=\"lqd-modal-inner\">\n\t\t<div class=\"lqd-modal-head\">\n\t\t\t<h2><\/h2>\n\t\t<\/div><!-- \/.lqd-modal-head -->\n\t\t<div class=\"lqd-modal-content\">\n\n\t\t\t[vc_column_text]<\/p>\n<h3>CONDICIONES Y GARANT\u00cdAS<\/h3>\n<p><strong>Condiciones generales:<\/strong><br \/>\nEs necesario el pago anticipado de la excursi\u00f3n en el momento de realizar la reserva. Por ello, le invitamos a utilizar nuestra plataforma para pagos en l\u00ednea.<br \/>\nNos comunicaremos con usted unos d\u00edas antes de la excursi\u00f3n para definir conjuntamente el itinerario exacto y hacerle las recomendaciones necesarias para que disfrute al m\u00e1ximo de la experiencia.<br \/>\nEn nuestra web se encuentran recogidos los precios y condiciones de cada excursi\u00f3n.<br \/>\nIbiza Jeep Tours cuenta con un seguro de responsabilidad civil que cubre a todas las personas que participan en la excursi\u00f3n.<br \/>\nSomos una de las primeras empresas registradas en actividades tur\u00edsticas de Ibiza : Numero de registro TA-0018-E[\/vc_column_text]\n\t\t<\/div><!-- \/.lqd-modal-content -->\n\t\t<div class=\"lqd-modal-foot\"><\/div><!-- \/.lqd-modal-foot -->\n\n\t<\/div><!-- \/.lqd-modal-inner -->\n<\/div><!-- \/#modal-box.lqd-modal -->[\/vc_column][\/vc_row]<\/p>\n","protected":false},"excerpt":{"rendered":"<p>[vc_row][vc_column][vc_column_text css=&#8221;.vc_custom_1716451472052{padding-bottom: 50px !important;}&#8221;] Pol\u00edtica de cancelaci\u00f3n *En el momento de la reserva online se cargar\u00e1 el importe total de la excursi\u00f3n. *En caso de cancelaci\u00f3n con menos de 15 d\u00edas de antelaci\u00f3n a la fecha de la excursi\u00f3n, la devoluci\u00f3n ser\u00e1 del 100% del importe pagado. *En caso de cancelaci\u00f3n entre 14 y 7 [&hellip;]<\/p>\n","protected":false},"author":1,"featured_media":0,"parent":0,"menu_order":0,"comment_status":"closed","ping_status":"closed","template":"","meta":{"_joinchat":[],"footnotes":""},"class_list":["post-937","page","type-page","status-publish","hentry"],"_links":{"self":[{"href":"https:\/\/www.ibizajeeptours.com\/es\/wp-json\/wp\/v2\/pages\/937","targetHints":{"allow":["GET"]}}],"collection":[{"href":"https:\/\/www.ibizajeeptours.com\/es\/wp-json\/wp\/v2\/pages"}],"about":[{"href":"https:\/\/www.ibizajeeptours.com\/es\/wp-json\/wp\/v2\/types\/page"}],"author":[{"embeddable":true,"href":"https:\/\/www.ibizajeeptours.com\/es\/wp-json\/wp\/v2\/users\/1"}],"replies":[{"embeddable":true,"href":"https:\/\/www.ibizajeeptours.com\/es\/wp-json\/wp\/v2\/comments?post=937"}],"version-history":[{"count":3,"href":"https:\/\/www.ibizajeeptours.com\/es\/wp-json\/wp\/v2\/pages\/937\/revisions"}],"predecessor-version":[{"id":2829,"href":"https:\/\/www.ibizajeeptours.com\/es\/wp-json\/wp\/v2\/pages\/937\/revisions\/2829"}],"wp:attachment":[{"href":"https:\/\/www.ibizajeeptours.com\/es\/wp-json\/wp\/v2\/media?parent=937"}],"curies":[{"name":"wp","href":"https:\/\/api.w.org\/{rel}","templated":true}]}}