{"id":2582,"date":"2024-03-11T07:31:20","date_gmt":"2024-03-11T06:31:20","guid":{"rendered":"https:\/\/www.ibizajeeptours.com\/our-safari-tours\/"},"modified":"2025-02-04T18:09:39","modified_gmt":"2025-02-04T17:09:39","slug":"our-safari-tours","status":"publish","type":"page","link":"https:\/\/www.ibizajeeptours.com\/es\/our-safari-tours\/","title":{"rendered":"Safari Tours"},"content":{"rendered":"<p>[vc_row el_id=&#8221;b1-titles&#8221; css=&#8221;.vc_custom_1654244375684{padding-top: 30px !important;padding-bottom: 30px !important;}&#8221; responsive_css=&#8221;padding_top_large:100px|padding_bottom_large:80px&#8221; el_class=&#8221;pagtours&#8221;][vc_column][vc_column_text]<\/p>\n<h1 style=\"text-align: center;\">Descubre nuestros Safari Tours<\/h1>\n<p>[\/vc_column_text][vc_column_text el_class=&#8221;text-condes&#8221;]<\/p>\n<div class=\"flex flex-grow flex-col max-w-full\">\n<div class=\"min-h-[20px] text-message flex flex-col items-start gap-3 whitespace-pre-wrap break-words [.text-message+&amp;]:mt-5 overflow-x-auto\" data-message-author-role=\"assistant\" data-message-id=\"5f4e0342-0235-4873-980b-0824a9968347\">\n<div class=\"markdown prose w-full break-words dark:prose-invert light\">\n<p style=\"text-align: center;\">Tours en Ibiza. Viajes incre\u00edbles por los lugares m\u00e1s salvajes de Ibiza en Land Rover Defenders.<\/p>\n<\/div>\n<\/div>\n<\/div>\n<p>[\/vc_column_text][\/vc_column][\/vc_row][vc_row full_width=&#8221;stretch_row&#8221; gap=&#8221;0&#8243; el_id=&#8221;bmove-right&#8221;][vc_column width=&#8221;2\/3&#8243; css=&#8221;.vc_custom_1650438272356{background-position: center !important;background-repeat: no-repeat !important;background-size: cover !important;}&#8221;][\/vc_column][vc_column width=&#8221;1\/3&#8243; enable_content_animation=&#8221;yes&#8221; animation_preset=&#8221;Fade In Right&#8221; ca_direction=&#8221;backward&#8221; css=&#8221;.vc_custom_1650440682072{background-position: center !important;background-repeat: no-repeat !important;background-size: cover !important;}&#8221; responsive_align=&#8221;text-lg-right&#8221;]<div id=\"ld_images_group_container_69f3459b2122d\" class=\"lqd-imggrp-container img-move ld_images_group_container_69f3459b2122d\"   >\n\t<div class=\"lqd-imggrp-inner\">\n\t\t<div id=\"ld_images_group_element_69f3459b213c7\" class=\"lqd-imggrp-single icon-right ld_images_group_element_69f3459b213c7\"   >\n\t\n\t<div class=\"lqd-imggrp-img-container\"    data-parallax=\"true\" data-parallax-from='{\"y\":-100}' data-parallax-to='{\"y\":100}' data-parallax-options='{\"overflowHidden\":false,\"ease\":\"linear\",\"start\":\"top bottom\"}'>\n\t\t\n\t\t\t\t\n\t\t\t\t<figure ><img decoding=\"async\" width=\"362\" height=\"252\" src=\"https:\/\/www.ibizajeeptours.com\/wp-content\/uploads\/2022\/04\/camera.png\" class=\"attachment-full size-full\" alt=\"Ibiza tours\" srcset=\"https:\/\/www.ibizajeeptours.com\/wp-content\/uploads\/2022\/04\/camera.png 362w, https:\/\/www.ibizajeeptours.com\/wp-content\/uploads\/2022\/04\/camera-300x209.png 300w\" sizes=\"(max-width: 362px) 100vw, 362px\" itemprop=\"image\" \/><\/figure>\t\t\t\t\t\t\t\t\n\t<\/div><!-- \/.lqd-imggrp-content -->\n<\/div><!-- \/.lqd-imggrp-single -->\n\t\n\t<\/div><!-- \/.lqd-imggrp-inner -->\n<\/div><!-- \/.lqd-imggrp-container -->[\/vc_column][\/vc_row][vc_row el_class=&#8221;b1-content&#8221; el_id=&#8221;tour1&#8243; row_hide=&#8221;hidden-xs&#8221;][vc_column enable_link=&#8221;enable_column_link&#8221; enable_overlay=&#8221;yes&#8221; css=&#8221;.vc_custom_1709638864673{background-image: url(https:\/\/www.ibizajeeptours.com\/wp-content\/uploads\/2023\/03\/safari4.png?id=1636) !important;background-position: center !important;background-repeat: no-repeat !important;background-size: cover !important;}&#8221; el_class=&#8221;secc-tour&#8221; hover_overlay_bg=&#8221;rgba(0, 0, 0, 0)&#8221; link=&#8221;url:https%3A%2F%2Fwww.ibizajeeptours.com%2Ftours%2Fsafari-beach-tour%2F|title:Tour%20Safari||&#8221; overlay_bg=&#8221;rgba(0, 0, 0, 0)&#8221;][vc_column_text]<\/p>\n<h2>Safari Tour Compartido<\/h2>\n<div class=\"flex flex-grow flex-col max-w-full\">\n<div class=\"min-h-[20px] text-message flex flex-col items-start gap-3 whitespace-pre-wrap break-words [.text-message+&amp;]:mt-5 overflow-x-auto\" data-message-author-role=\"assistant\" data-message-id=\"aad002d4-0e21-4e02-8a86-2066c757db19\">\n<div class=\"markdown prose w-full break-words dark:prose-invert light\">\n<p>Disfruta de la compania de conocer otros viajeros.<\/p>\n<\/div>\n<\/div>\n<\/div>\n<p>[\/vc_column_text]<a href=\"https:\/\/www.ibizajeeptours.com\/es\/tours\/tour-safari\/\" title=\"Tour Safari\" class=\"btn btn-default btn-hover-txt-switch-change btn-hover-txt-switch btn-hover-txt-switch-y btn-xsm circle btn-bordered border-thin btn-has-label btn-red ld_button_69f3459b21991\" >\n\t<span>\n\t\n\t\t\t\t\t<span class=\"btn-txt\" data-text=\"From \u20ac125\/p.\" data-split-text=\"true\"\n\t\t\t\t\t    data-split-options='{\"type\": \"chars, words\"}'>From \u20ac125\/p.<\/span>\n\t\t\n\t<span class=\"btn-icon\"><i class=\"fas fa-angle-right\"><\/i><\/span>\t\t\t\t<\/span>\n<\/a>\n[\/vc_column][\/vc_row][vc_row el_class=&#8221;b1-content&#8221; row_hide=&#8221;hidden-sm hidden-md hidden-lg&#8221; el_id=&#8221;compartido mobil&#8221;][vc_column enable_link=&#8221;enable_column_link&#8221; enable_overlay=&#8221;yes&#8221; css=&#8221;.vc_custom_1715753686486{background-image: url(https:\/\/www.ibizajeeptours.com\/wp-content\/uploads\/2024\/05\/FOTOS-ITINERARIO-WEB-IJT-350-x-525-px-1.png?id=2804) !important;background-position: center !important;background-repeat: no-repeat !important;background-size: cover !important;}&#8221; el_class=&#8221;secc-tour&#8221; hover_overlay_bg=&#8221;rgba(0, 0, 0, 0.1)&#8221; link=&#8221;url:https%3A%2F%2Fwww.ibizajeeptours.com%2Ftours%2Fsafari-beach-tour%2F|title:Tour%20Safari||&#8221; overlay_bg=&#8221;rgba(0, 0, 0, 0.1)&#8221;][vc_column_text]<\/p>\n<h2>Safari Tour Compartido<\/h2>\n<div class=\"flex flex-grow flex-col max-w-full\">\n<div class=\"min-h-[20px] text-message flex flex-col items-start gap-3 whitespace-pre-wrap break-words [.text-message+&amp;]:mt-5 overflow-x-auto\" data-message-author-role=\"assistant\" data-message-id=\"aad002d4-0e21-4e02-8a86-2066c757db19\">\n<div class=\"markdown prose w-full break-words dark:prose-invert light\">\n<p>Disfruta de la compania de conocer otros viajeros.<\/p>\n<\/div>\n<\/div>\n<\/div>\n<p>[\/vc_column_text][vc_separator style=&#8221;shadow&#8221; el_width=&#8221;10&#8243;]<a href=\"https:\/\/www.ibizajeeptours.com\/es\/tours\/tour-safari\/\" title=\"Tour Safari\" class=\"btn btn-default btn-hover-txt-switch-change btn-hover-txt-switch btn-hover-txt-switch-y btn-xsm circle btn-bordered border-thin btn-has-label btn-red ld_button_69f3459b21c6a\" >\n\t<span>\n\t\n\t\t\t\t\t<span class=\"btn-txt\" data-text=\"From \u20ac125\/p.\" data-split-text=\"true\"\n\t\t\t\t\t    data-split-options='{\"type\": \"chars, words\"}'>From \u20ac125\/p.<\/span>\n\t\t\n\t<span class=\"btn-icon\"><i class=\"fas fa-angle-right\"><\/i><\/span>\t\t\t\t<\/span>\n<\/a>\n[\/vc_column][\/vc_row][vc_row el_class=&#8221;b1-content&#8221; row_hide=&#8221;hidden-xs hidden-sm&#8221;][vc_column enable_link=&#8221;enable_column_link&#8221; enable_overlay=&#8221;yes&#8221; css=&#8221;.vc_custom_1738688949530{background-image: url(https:\/\/www.ibizajeeptours.com\/wp-content\/uploads\/2024\/05\/FOTOS-ITINERARIO-WEB-IJT-350-x-525-px-1050-x-450-px-1.png?id=2809) !important;background-position: center !important;background-repeat: no-repeat !important;background-size: cover !important;}&#8221; el_class=&#8221;secc-tour&#8221; hover_overlay_bg=&#8221;rgba(0, 0, 0, 0.2)&#8221; link=&#8221;url:https%3A%2F%2Fwww.ibizajeeptours.com%2Fjeep-wrangler-tours%2Fprivate-safari-beach-tour%2F|title:Tour%20Safari||&#8221; overlay_bg=&#8221;rgba(0, 0, 0, 0.2)&#8221;][vc_column_text]<\/p>\n<h2>Safari Tour Privado<\/h2>\n<p>No compartir\u00e1s con otros viajeros y dispondr\u00e1s de un gu\u00eda-conductor propio.[\/vc_column_text]<a href=\"https:\/\/www.ibizajeeptours.com\/es\/tours\/tour-safari-privado\/\" title=\"Tour Safari\" class=\"btn btn-default btn-hover-txt-switch-change btn-hover-txt-switch btn-hover-txt-switch-y btn-xsm circle btn-bordered border-thin btn-has-label btn-red ld_button_69f3459b21e79\" >\n\t<span>\n\t\n\t\t\t\t\t<span class=\"btn-txt\" data-text=\"From \u20ac160\/p.\" data-split-text=\"true\"\n\t\t\t\t\t    data-split-options='{\"type\": \"chars, words\"}'>From \u20ac160\/p.<\/span>\n\t\t\n\t<span class=\"btn-icon\"><i class=\"fas fa-angle-right\"><\/i><\/span>\t\t\t\t<\/span>\n<\/a>\n[\/vc_column][\/vc_row][vc_row el_class=&#8221;b1-content&#8221; row_hide=&#8221;hidden-md hidden-lg&#8221; el_id=&#8221;privado mobil&#8221;][vc_column enable_link=&#8221;enable_column_link&#8221; enable_overlay=&#8221;yes&#8221; css=&#8221;.vc_custom_1738688972282{background-image: url(https:\/\/www.ibizajeeptours.com\/wp-content\/uploads\/2024\/05\/FOTOS-ITINERARIO-WEB-IJT-350-x-525-px-2.png?id=2816) !important;background-position: center !important;background-repeat: no-repeat !important;background-size: cover !important;}&#8221; el_class=&#8221;secc-tour&#8221; hover_overlay_bg=&#8221;rgba(0, 0, 0, 0.2)&#8221; link=&#8221;url:https%3A%2F%2Fwww.ibizajeeptours.com%2Fjeep-wrangler-tours%2Fprivate-safari-beach-tour%2F|title:Tour%20Safari||&#8221; overlay_bg=&#8221;rgba(0, 0, 0, 0.1)&#8221; el_id=&#8221;privado mobil&#8221;][vc_column_text]<\/p>\n<h2>Tour Privado<\/h2>\n<div class=\"flex flex-grow flex-col max-w-full\">\n<div class=\"min-h-[20px] text-message flex flex-col items-start gap-3 whitespace-pre-wrap break-words [.text-message+&amp;]:mt-5 overflow-x-auto\" data-message-author-role=\"assistant\" data-message-id=\"1f377dd9-f6a5-4bad-8f43-1de29e11b751\">\n<div class=\"markdown prose w-full break-words dark:prose-invert light\">\n<p>No compartir\u00e1s con otros viajeros y dispondr\u00e1s de un gu\u00eda-conductor propio.<\/p>\n<\/div>\n<\/div>\n<\/div>\n<p>[\/vc_column_text][vc_separator el_width=&#8221;10&#8243;]<a href=\"https:\/\/www.ibizajeeptours.com\/es\/tours\/tour-safari-privado\/\" title=\"Tour Safari\" class=\"btn btn-default btn-hover-txt-switch-change btn-hover-txt-switch btn-hover-txt-switch-y btn-xsm circle btn-bordered border-thin btn-has-label btn-red ld_button_69f3459b21ff0\" >\n\t<span>\n\t\n\t\t\t\t\t<span class=\"btn-txt\" data-text=\"From \u20ac160\/p.\" data-split-text=\"true\"\n\t\t\t\t\t    data-split-options='{\"type\": \"chars, words\"}'>From \u20ac160\/p.<\/span>\n\t\t\n\t<span class=\"btn-icon\"><i class=\"fas fa-angle-right\"><\/i><\/span>\t\t\t\t<\/span>\n<\/a>\n[\/vc_column][\/vc_row][vc_row full_width=&#8221;stretch_row&#8221; gap=&#8221;0&#8243; el_id=&#8221;bmove-left&#8221;][vc_column width=&#8221;1\/3&#8243; enable_content_animation=&#8221;yes&#8221; animation_preset=&#8221;Flip In Y&#8221; css=&#8221;.vc_custom_1650446616068{background-position: center !important;background-repeat: no-repeat !important;background-size: cover !important;}&#8221; responsive_align=&#8221;text-lg-center&#8221; ca_duration=&#8221;1800&#8243; ca_start_delay=&#8221;1200&#8243;]<div id=\"ld_images_group_container_69f3459b22153\" class=\"lqd-imggrp-container img-move ld_images_group_container_69f3459b22153\"   >\n\t<div class=\"lqd-imggrp-inner\">\n\t\t<div id=\"ld_images_group_element_69f3459b22289\" class=\"lqd-imggrp-single ld_images_group_element_69f3459b22289\"   >\n\t\n\t<div class=\"lqd-imggrp-img-container\"    data-parallax=\"true\" data-parallax-from='{\"y\":-100}' data-parallax-to='{\"y\":100}' data-parallax-options='{\"overflowHidden\":false,\"ease\":\"linear\",\"start\":\"top bottom\"}'>\n\t\t\n\t\t\t\t\n\t\t\t\t<figure ><img decoding=\"async\" width=\"212\" height=\"200\" src=\"data:image\/svg+xml;charset=utf-8,%3Csvg xmlns%3D&#039;http%3A%2F%2Fwww.w3.org%2F2000%2Fsvg&#039; viewBox%3D&#039;0 0 212 200&#039;%2F%3E\" class=\"attachment-full size-full ld-lazyload\" alt=\"\" itemprop=\"image\" data-src=\"https:\/\/www.ibizajeeptours.com\/wp-content\/uploads\/2022\/04\/brujula.png\" data-aspect=\"1.06\" \/><\/figure>\t\t\t\t\t\t\t\t\n\t<\/div><!-- \/.lqd-imggrp-content -->\n<\/div><!-- \/.lqd-imggrp-single -->\n\t\n\t<\/div><!-- \/.lqd-imggrp-inner -->\n<\/div><!-- \/.lqd-imggrp-container -->[\/vc_column][vc_column width=&#8221;2\/3&#8243; css=&#8221;.vc_custom_1650438272356{background-position: center !important;background-repeat: no-repeat !important;background-size: cover !important;}&#8221;][\/vc_column][\/vc_row][vc_row full_width=&#8221;stretch_row&#8221; css=&#8221;.vc_custom_1653919802675{padding-top: 50px !important;}&#8221; el_id=&#8221;b2-content&#8221; responsive_css=&#8221;padding_top_large:100px|padding_bottom_large:0px&#8221;][vc_column css=&#8221;.vc_custom_1651223920479{background-image: url(https:\/\/www.ibizajeeptours.com\/wp-content\/uploads\/2022\/04\/jeeprental.png?id=72) !important;background-position: center !important;background-repeat: no-repeat !important;background-size: cover !important;}&#8221; el_class=&#8221;texto-btn&#8221;][vc_column_text]<\/p>\n<h2>Jeep Rental<\/h2>\n<p>For those who want to give their vacations a \u201cpunch\u201d of adventure,<br \/>\nRenting a Jeep or one of our luxury cars can be a great idea.[\/vc_column_text]<a href=\"https:\/\/www.blackdiamondibiza.com\/\" target=\"_blank\" class=\"btn btn-default btn-hover-txt-switch-change btn-hover-txt-switch btn-hover-txt-switch-y btn-xsm circle btn-bordered border-thin btn-has-label btn-red ld_button_69f3459b254ae\" rel=\"noopener\">\n\t<span>\n\t\n\t\t\t\t\t<span class=\"btn-txt\" data-text=\"MORE INFORMATION\" data-split-text=\"true\"\n\t\t\t\t\t    data-split-options='{\"type\": \"chars, words\"}'>MORE INFORMATION<\/span>\n\t\t\n\t<span class=\"btn-icon\"><i class=\"fas fa-angle-right\"><\/i><\/span>\t\t\t\t<\/span>\n<\/a>\n[\/vc_column][\/vc_row][vc_row][vc_column][\/vc_column][\/vc_row]<\/p>\n","protected":false},"excerpt":{"rendered":"<p>[vc_row el_id=&#8221;b1-titles&#8221; css=&#8221;.vc_custom_1654244375684{padding-top: 30px !important;padding-bottom: 30px !important;}&#8221; responsive_css=&#8221;padding_top_large:100px|padding_bottom_large:80px&#8221; el_class=&#8221;pagtours&#8221;][vc_column][vc_column_text] Descubre nuestros Safari Tours [\/vc_column_text][vc_column_text el_class=&#8221;text-condes&#8221;] Tours en Ibiza. Viajes incre\u00edbles por los lugares m\u00e1s salvajes de Ibiza en Land Rover Defenders. [\/vc_column_text][\/vc_column][\/vc_row][vc_row full_width=&#8221;stretch_row&#8221; gap=&#8221;0&#8243; el_id=&#8221;bmove-right&#8221;][vc_column width=&#8221;2\/3&#8243; css=&#8221;.vc_custom_1650438272356{background-position: center !important;background-repeat: no-repeat !important;background-size: cover !important;}&#8221;][\/vc_column][vc_column width=&#8221;1\/3&#8243; enable_content_animation=&#8221;yes&#8221; animation_preset=&#8221;Fade In Right&#8221; ca_direction=&#8221;backward&#8221; css=&#8221;.vc_custom_1650440682072{background-position: center !important;background-repeat: no-repeat !important;background-size: cover [&hellip;]<\/p>\n","protected":false},"author":4,"featured_media":1428,"parent":0,"menu_order":0,"comment_status":"closed","ping_status":"closed","template":"","meta":{"_joinchat":[],"footnotes":""},"class_list":["post-2582","page","type-page","status-publish","has-post-thumbnail","hentry"],"_links":{"self":[{"href":"https:\/\/www.ibizajeeptours.com\/es\/wp-json\/wp\/v2\/pages\/2582","targetHints":{"allow":["GET"]}}],"collection":[{"href":"https:\/\/www.ibizajeeptours.com\/es\/wp-json\/wp\/v2\/pages"}],"about":[{"href":"https:\/\/www.ibizajeeptours.com\/es\/wp-json\/wp\/v2\/types\/page"}],"author":[{"embeddable":true,"href":"https:\/\/www.ibizajeeptours.com\/es\/wp-json\/wp\/v2\/users\/4"}],"replies":[{"embeddable":true,"href":"https:\/\/www.ibizajeeptours.com\/es\/wp-json\/wp\/v2\/comments?post=2582"}],"version-history":[{"count":16,"href":"https:\/\/www.ibizajeeptours.com\/es\/wp-json\/wp\/v2\/pages\/2582\/revisions"}],"predecessor-version":[{"id":2850,"href":"https:\/\/www.ibizajeeptours.com\/es\/wp-json\/wp\/v2\/pages\/2582\/revisions\/2850"}],"wp:featuredmedia":[{"embeddable":true,"href":"https:\/\/www.ibizajeeptours.com\/es\/wp-json\/wp\/v2\/media\/1428"}],"wp:attachment":[{"href":"https:\/\/www.ibizajeeptours.com\/es\/wp-json\/wp\/v2\/media?parent=2582"}],"curies":[{"name":"wp","href":"https:\/\/api.w.org\/{rel}","templated":true}]}}